{"id":12,"date":"2012-09-27T10:06:49","date_gmt":"2012-09-27T09:06:49","guid":{"rendered":"http:\/\/www.garage-hecht.fr\/?page_id=12"},"modified":"2020-01-24T10:24:53","modified_gmt":"2020-01-24T09:24:53","slug":"accueil","status":"publish","type":"page","link":"https:\/\/www.garage-hecht.fr\/","title":{"rendered":"Accueil"},"content":{"rendered":"\n<div class=\"wp-block-cover has-background-dim\" style=\"background-image:url(http:\/\/www.garage-hecht.fr\/wp-content\/uploads\/PHOTO-9-MINIBUS-2bis-21-e1578670341309.jpg)\"><div class=\"wp-block-cover__inner-container is-layout-flow wp-block-cover-is-layout-flow\">\n<p class=\"has-text-align-center has-large-font-size\">GARAGE OUVERT DU LUNDI AU VENDREDI<br>8h00-12h00 \/ 13h30-18h30<\/p>\n<\/div><\/div>\n\n\n\n<hr class=\"wp-block-separator is-style-dots\"\/>\n\n\n\n<hr class=\"wp-block-separator\"\/>\n\n\n<p style=\"text-align: center;\">Afin d&rsquo;avoir acc\u00e8s \u00e0 encore plus d&rsquo;actualit\u00e9s, venez retrouver le garage Hecht sur sa page facebook en cliquant sur l&rsquo;icone ci-dessous :<\/p>\n<p style=\"text-align: center;\"><a href=\"https:\/\/www.facebook.com\/pg\/garage.hecht\/about\/\"><img loading=\"lazy\" decoding=\"async\" class=\"aligncenter  wp-image-1222\" src=\"http:\/\/www.garage-hecht.fr\/wp-content\/uploads\/fb_icon_325x325-150x150.png\" alt=\"facebook\" width=\"37\" height=\"37\" srcset=\"https:\/\/www.garage-hecht.fr\/wp-content\/uploads\/fb_icon_325x325-150x150.png 150w, https:\/\/www.garage-hecht.fr\/wp-content\/uploads\/fb_icon_325x325-300x300.png 300w, https:\/\/www.garage-hecht.fr\/wp-content\/uploads\/fb_icon_325x325.png 325w\" sizes=\"auto, (max-width: 37px) 100vw, 37px\" \/><\/a><\/p>\n\n\n<hr class=\"wp-block-separator\"\/>\n\n\n\n<hr class=\"wp-block-separator is-style-dots\"\/>\n\n\n\n<div class=\"wp-block-group\"><div class=\"wp-block-group__inner-container is-layout-flow wp-block-group-is-layout-flow\">\n<div class=\"wp-block-group\"><div class=\"wp-block-group__inner-container is-layout-flow wp-block-group-is-layout-flow\">\n<p class=\"has-text-color has-background has-text-align-center has-large-font-size has-very-light-gray-color has-very-dark-gray-background-color\"><strong>NOS SERVICES <\/strong><\/p>\n<\/div><\/div>\n<\/div><\/div>\n\n\n\n<div class=\"wp-block-columns is-layout-flex wp-container-core-columns-is-layout-9d6595d7 wp-block-columns-is-layout-flex\">\n<div class=\"wp-block-column is-layout-flow wp-block-column-is-layout-flow\">\n<figure class=\"wp-block-image size-thumbnail is-style-circle-mask\"><a href=\"http:\/\/www.garage-hecht.fr\/?page_id=78&amp;preview_id=78&amp;preview_nonce=bcdbe581e8&amp;preview=true\"><img loading=\"lazy\" decoding=\"async\" width=\"150\" height=\"150\" src=\"http:\/\/www.garage-hecht.fr\/wp-content\/uploads\/PNEU-150x150.jpg\" alt=\"\" class=\"wp-image-1211\"\/><\/a><\/figure>\n\n\n\n<p class=\"has-text-color has-text-align-center has-normal-font-size has-very-dark-gray-color\"><strong><a href=\"http:\/\/www.garage-hecht.fr\/?page_id=78\">PNEUS SERVICE<\/a><\/strong><\/p>\n<\/div>\n\n\n\n<div class=\"wp-block-column is-layout-flow wp-block-column-is-layout-flow\">\n<figure class=\"wp-block-image size-thumbnail is-style-circle-mask\"><a href=\"http:\/\/www.garage-hecht.fr\/?page_id=7\"><img loading=\"lazy\" decoding=\"async\" width=\"150\" height=\"150\" src=\"http:\/\/www.garage-hecht.fr\/wp-content\/uploads\/lavage-150x150.png\" alt=\"\" class=\"wp-image-1210\"\/><\/a><\/figure>\n\n\n\n<p class=\"has-text-color has-text-align-center has-normal-font-size has-very-dark-gray-color\"><strong><a href=\"http:\/\/www.garage-hecht.fr\/?page_id=7\">STATION DE LAVAGE<\/a><\/strong><\/p>\n<\/div>\n\n\n\n<div class=\"wp-block-column is-layout-flow wp-block-column-is-layout-flow\">\n<figure class=\"wp-block-image size-large is-style-circle-mask\"><a href=\"http:\/\/www.garage-hecht.fr\/?page_id=128\"><img loading=\"lazy\" decoding=\"async\" width=\"150\" height=\"150\" src=\"http:\/\/www.garage-hecht.fr\/wp-content\/uploads\/cle-outil-e1578667333193.png\" alt=\"\" class=\"wp-image-1209\"\/><\/a><\/figure>\n\n\n\n<p class=\"has-text-color has-text-align-center has-very-dark-gray-color\"><strong><a href=\"http:\/\/www.garage-hecht.fr\/?page_id=128\">R\u00c9PARATIONS MULTIMARQUES<\/a><\/strong><\/p>\n<\/div>\n\n\n\n<div class=\"wp-block-column is-layout-flow wp-block-column-is-layout-flow\">\n<figure class=\"wp-block-image size-thumbnail is-style-circle-mask\"><a href=\"http:\/\/www.garage-hecht.fr\/?page_id=74\"><img loading=\"lazy\" decoding=\"async\" width=\"150\" height=\"150\" src=\"http:\/\/www.garage-hecht.fr\/wp-content\/uploads\/location-150x150.jpg\" alt=\"\" class=\"wp-image-1208\"\/><\/a><\/figure>\n\n\n\n<p class=\"has-text-color has-text-align-center has-normal-font-size has-very-dark-gray-color\"><strong><a href=\"http:\/\/www.garage-hecht.fr\/?page_id=74\">LOCATION<\/a><\/strong><\/p>\n<\/div>\n\n\n\n<div class=\"wp-block-column is-layout-flow wp-block-column-is-layout-flow\">\n<figure class=\"wp-block-image size-thumbnail is-style-circle-mask\"><a href=\"http:\/\/www.garage-hecht.fr\/?page_id=83\"><img loading=\"lazy\" decoding=\"async\" width=\"150\" height=\"150\" src=\"http:\/\/www.garage-hecht.fr\/wp-content\/uploads\/pare-brise-150x150.png\" alt=\"\" class=\"wp-image-1206\"\/><\/a><\/figure>\n\n\n\n<p class=\"has-text-color has-text-align-center has-normal-font-size has-very-dark-gray-color\"><strong><a href=\"http:\/\/www.garage-hecht.fr\/?page_id=83\">PARE-BRISE<\/a><\/strong><\/p>\n<\/div>\n<\/div>\n\n\n\n<hr class=\"wp-block-separator is-style-dots\"\/>\n\n\n\n<figure class=\"wp-block-gallery columns-3 is-cropped wp-block-gallery-1 is-layout-flex wp-block-gallery-is-layout-flex\"><ul class=\"blocks-gallery-grid\"><li class=\"blocks-gallery-item\"><figure><img loading=\"lazy\" decoding=\"async\" width=\"740\" height=\"864\" src=\"http:\/\/www.garage-hecht.fr\/wp-content\/uploads\/IMG_2307-002.png\" alt=\"\" data-id=\"1178\" data-full-url=\"http:\/\/www.garage-hecht.fr\/wp-content\/uploads\/IMG_2307-002.png\" data-link=\"http:\/\/www.garage-hecht.fr\/?attachment_id=1178\" class=\"wp-image-1178\" srcset=\"https:\/\/www.garage-hecht.fr\/wp-content\/uploads\/IMG_2307-002.png 740w, https:\/\/www.garage-hecht.fr\/wp-content\/uploads\/IMG_2307-002-256x300.png 256w\" sizes=\"auto, (max-width: 740px) 100vw, 740px\" \/><\/figure><\/li><li class=\"blocks-gallery-item\"><figure><img loading=\"lazy\" decoding=\"async\" width=\"927\" height=\"695\" src=\"http:\/\/www.garage-hecht.fr\/wp-content\/uploads\/STK-PHOTO-3.jpg\" alt=\"\" data-id=\"964\" data-full-url=\"http:\/\/www.garage-hecht.fr\/wp-content\/uploads\/STK-PHOTO-3.jpg\" data-link=\"http:\/\/www.garage-hecht.fr\/?attachment_id=964\" class=\"wp-image-964\" srcset=\"https:\/\/www.garage-hecht.fr\/wp-content\/uploads\/STK-PHOTO-3.jpg 927w, https:\/\/www.garage-hecht.fr\/wp-content\/uploads\/STK-PHOTO-3-300x224.jpg 300w, https:\/\/www.garage-hecht.fr\/wp-content\/uploads\/STK-PHOTO-3-400x300.jpg 400w\" sizes=\"auto, (max-width: 927px) 100vw, 927px\" \/><\/figure><\/li><li class=\"blocks-gallery-item\"><figure><img decoding=\"async\" src=\"http:\/\/www.garage-hecht.fr\/wp-content\/uploads\/IMG_2302-002.jpg\" alt=\"\" data-id=\"1174\" data-full-url=\"http:\/\/www.garage-hecht.fr\/wp-content\/uploads\/IMG_2302-002.jpg\" data-link=\"http:\/\/www.garage-hecht.fr\/?attachment_id=1174\" class=\"wp-image-1174\"\/><\/figure><\/li><\/ul><\/figure>\n\n\n\n<hr class=\"wp-block-separator is-style-dots\"\/>\n\n\n\n<p class=\"has-text-align-center\"><span class=\"important\"><a class=\"css3-blink\" style=\"text-decoration: blink;\" href=\"http:\/\/www.garage-hecht.fr\/?page_id=87\">CONSULTEZ NOS OFFRES<\/a><\/span><\/p>\n\n\n\n<hr class=\"wp-block-separator is-style-dots\"\/>\n\n\n\n<p class=\"has-text-align-center\"><strong>Nous restons \u00e0 votre disposition pour davantage d\u2019informations sur nos services.<\/strong><\/p>\n\n\n\n<div class=\"wp-block-button aligncenter\"><a class=\"wp-block-button__link\" href=\"http:\/\/www.garage-hecht.fr\/?page_id=81\">Contactez-nous<\/a><\/div>\n\n\n\n<div style=\"height:100px\" aria-hidden=\"true\" class=\"wp-block-spacer\"><\/div>\n\n\n\n<div class=\"wp-block-button aligncenter is-style-fill\"><a class=\"wp-block-button__link\" href=\"03 88 51 08 65 \">T\u00e9l\u00e9phone : <br>03.88.51.08.65<\/a><\/div>\n","protected":false},"excerpt":{"rendered":"<p>Afin d&rsquo;avoir acc\u00e8s \u00e0 encore plus d&rsquo;actualit\u00e9s, venez retrouver le garage Hecht sur sa page facebook en cliquant sur l&rsquo;icone ci-dessous : NOS SERVICES PNEUS SERVICE STATION DE LAVAGE R\u00c9PARATIONS MULTIMARQUES LOCATION PARE-BRISE CONSULTEZ NOS OFFRES Nous restons \u00e0 votre &hellip; <a href=\"https:\/\/www.garage-hecht.fr\/\">Continuer la lecture <span class=\"meta-nav\">&rarr;<\/span><\/a><\/p>\n","protected":false},"author":1,"featured_media":0,"parent":0,"menu_order":0,"comment_status":"closed","ping_status":"closed","template":"showcase.php","meta":{"footnotes":""},"class_list":["post-12","page","type-page","status-publish","hentry"],"_links":{"self":[{"href":"https:\/\/www.garage-hecht.fr\/index.php?rest_route=\/wp\/v2\/pages\/12","targetHints":{"allow":["GET"]}}],"collection":[{"href":"https:\/\/www.garage-hecht.fr\/index.php?rest_route=\/wp\/v2\/pages"}],"about":[{"href":"https:\/\/www.garage-hecht.fr\/index.php?rest_route=\/wp\/v2\/types\/page"}],"author":[{"embeddable":true,"href":"https:\/\/www.garage-hecht.fr\/index.php?rest_route=\/wp\/v2\/users\/1"}],"replies":[{"embeddable":true,"href":"https:\/\/www.garage-hecht.fr\/index.php?rest_route=%2Fwp%2Fv2%2Fcomments&post=12"}],"version-history":[{"count":192,"href":"https:\/\/www.garage-hecht.fr\/index.php?rest_route=\/wp\/v2\/pages\/12\/revisions"}],"predecessor-version":[{"id":1487,"href":"https:\/\/www.garage-hecht.fr\/index.php?rest_route=\/wp\/v2\/pages\/12\/revisions\/1487"}],"wp:attachment":[{"href":"https:\/\/www.garage-hecht.fr\/index.php?rest_route=%2Fwp%2Fv2%2Fmedia&parent=12"}],"curies":[{"name":"wp","href":"https:\/\/api.w.org\/{rel}","templated":true}]}}