{"id":1233,"date":"2020-01-17T08:11:56","date_gmt":"2020-01-17T07:11:56","guid":{"rendered":"http:\/\/www.garage-hecht.fr\/?page_id=1233"},"modified":"2020-05-29T08:33:33","modified_gmt":"2020-05-29T07:33:33","slug":"test","status":"publish","type":"page","link":"https:\/\/www.garage-hecht.fr\/?page_id=1233","title":{"rendered":"ADA LOCATION"},"content":{"rendered":"\n<figure class=\"wp-block-image is-resized\"><img loading=\"lazy\" decoding=\"async\" src=\"https:\/\/www.ada.fr\/css\/img\/ADAlogo.png\" alt=\"Location voiture et utilitaire - ADA.fr\" width=\"143\" height=\"45\"\/><figcaption> <\/figcaption><\/figure>\n\n\n\n<p><strong>ADA, la r\u00e9f\u00e9rence en location voiture et location utilitaire en France<\/strong><\/p>\n\n\n\n<div class=\"wp-block-media-text alignwide is-stacked-on-mobile is-vertically-aligned-center is-image-fill\" style=\"grid-template-columns:49% auto\"><figure class=\"wp-block-media-text__media\" style=\"background-image:url(https:\/\/www.ada.fr\/\/fichiers\/visuel_promo_agence\/19-img.jpg);background-position:50% 50%\"><img decoding=\"async\" src=\"https:\/\/www.ada.fr\/\/fichiers\/visuel_promo_agence\/19-img.jpg\" alt=\"\"\/><\/figure><div class=\"wp-block-media-text__content\">\n<p>Le garage Hecht est d\u00e9sormais devenu \u00ab\u00a0point loc\u00a0\u00bb d&rsquo;un des plus grand leader du march\u00e9 de la location de voiture et de la location d&rsquo;utilitaire de proximit\u00e9.  <\/p>\n<\/div><\/div>\n\n\n\n<div style=\"height:100px\" aria-hidden=\"true\" class=\"wp-block-spacer\"><\/div>\n\n\n\n<p class=\"has-text-color has-background has-text-align-center has-very-light-gray-color has-very-dark-gray-background-color\"><strong>La r\u00e9servation de v\u00e9hicule se fera avec le lien ci-dessous.  <\/strong><\/p>\n\n\n\n<p class=\"has-text-color has-text-align-center has-vivid-red-color\"><a href=\"https:\/\/www.ada.fr\/\">https:\/\/www.ada.fr\/<\/a><\/p>\n\n\n\n<figure class=\"wp-block-image size-large is-resized\"><img loading=\"lazy\" decoding=\"async\" src=\"http:\/\/www.garage-hecht.fr\/wp-content\/uploads\/100690394_2934373856659832_8843054843162525696_o-1024x657.jpg\" alt=\"\" class=\"wp-image-1414\" width=\"703\" height=\"451\" srcset=\"https:\/\/www.garage-hecht.fr\/wp-content\/uploads\/100690394_2934373856659832_8843054843162525696_o-1024x657.jpg 1024w, https:\/\/www.garage-hecht.fr\/wp-content\/uploads\/100690394_2934373856659832_8843054843162525696_o-300x193.jpg 300w, https:\/\/www.garage-hecht.fr\/wp-content\/uploads\/100690394_2934373856659832_8843054843162525696_o-768x493.jpg 768w, https:\/\/www.garage-hecht.fr\/wp-content\/uploads\/100690394_2934373856659832_8843054843162525696_o-468x300.jpg 468w, https:\/\/www.garage-hecht.fr\/wp-content\/uploads\/100690394_2934373856659832_8843054843162525696_o.jpg 1440w\" sizes=\"auto, (max-width: 703px) 100vw, 703px\" \/><\/figure>\n\n\n","protected":false},"excerpt":{"rendered":"<p>ADA, la r\u00e9f\u00e9rence en location voiture et location utilitaire en France Le garage Hecht est d\u00e9sormais devenu \u00ab\u00a0point loc\u00a0\u00bb d&rsquo;un des plus grand leader du march\u00e9 de la location de voiture et de la location d&rsquo;utilitaire de proximit\u00e9. La r\u00e9servation &hellip; <a href=\"https:\/\/www.garage-hecht.fr\/?page_id=1233\">Continuer la lecture <span class=\"meta-nav\">&rarr;<\/span><\/a><\/p>\n","protected":false},"author":1,"featured_media":0,"parent":0,"menu_order":0,"comment_status":"closed","ping_status":"closed","template":"","meta":{"footnotes":""},"class_list":["post-1233","page","type-page","status-publish","hentry"],"_links":{"self":[{"href":"https:\/\/www.garage-hecht.fr\/index.php?rest_route=\/wp\/v2\/pages\/1233","targetHints":{"allow":["GET"]}}],"collection":[{"href":"https:\/\/www.garage-hecht.fr\/index.php?rest_route=\/wp\/v2\/pages"}],"about":[{"href":"https:\/\/www.garage-hecht.fr\/index.php?rest_route=\/wp\/v2\/types\/page"}],"author":[{"embeddable":true,"href":"https:\/\/www.garage-hecht.fr\/index.php?rest_route=\/wp\/v2\/users\/1"}],"replies":[{"embeddable":true,"href":"https:\/\/www.garage-hecht.fr\/index.php?rest_route=%2Fwp%2Fv2%2Fcomments&post=1233"}],"version-history":[{"count":2,"href":"https:\/\/www.garage-hecht.fr\/index.php?rest_route=\/wp\/v2\/pages\/1233\/revisions"}],"predecessor-version":[{"id":1415,"href":"https:\/\/www.garage-hecht.fr\/index.php?rest_route=\/wp\/v2\/pages\/1233\/revisions\/1415"}],"wp:attachment":[{"href":"https:\/\/www.garage-hecht.fr\/index.php?rest_route=%2Fwp%2Fv2%2Fmedia&parent=1233"}],"curies":[{"name":"wp","href":"https:\/\/api.w.org\/{rel}","templated":true}]}}