{"id":128,"date":"2012-10-16T15:57:17","date_gmt":"2012-10-16T14:57:17","guid":{"rendered":"http:\/\/www.garage-hecht.fr\/?page_id=128"},"modified":"2020-05-29T08:35:05","modified_gmt":"2020-05-29T07:35:05","slug":"atelier","status":"publish","type":"page","link":"https:\/\/www.garage-hecht.fr\/?page_id=128","title":{"rendered":"Atelier"},"content":{"rendered":"\n<div class=\"wp-block-cover has-background-dim\" style=\"background-image:url(http:\/\/www.garage-hecht.fr\/wp-content\/uploads\/DSC00435-e1579859035144.jpg);background-position:16% 45.38461538461539%\"><div class=\"wp-block-cover__inner-container is-layout-flow wp-block-cover-is-layout-flow\">\n<p class=\"has-text-align-center has-large-font-size\"><strong>R\u00c9VISION <\/strong><br><strong>ET <\/strong><br><strong>ENTRETIEN<\/strong> <strong>AUTOMOBILE<\/strong><br><strong>TOUTES MARQUES<\/strong><\/p>\n<\/div><\/div>\n\n\n\n<div style=\"height:100px\" aria-hidden=\"true\" class=\"wp-block-spacer\"><\/div>\n\n\n\n<p class=\"has-medium-font-size\"> <strong>POUR UNE R\u00c9VISION EN BONNE ET DUE FORME DE VOTRE V\u00c9HICULE<\/strong> <\/p>\n\n\n\n<div class=\"wp-block-media-text alignwide is-vertically-aligned-top\" style=\"grid-template-columns:61% auto\"><figure class=\"wp-block-media-text__media\"><img loading=\"lazy\" decoding=\"async\" width=\"1024\" height=\"576\" src=\"http:\/\/www.garage-hecht.fr\/wp-content\/uploads\/IMG_2375-002-1024x576.jpg\" alt=\"\" class=\"wp-image-1389\" srcset=\"https:\/\/www.garage-hecht.fr\/wp-content\/uploads\/IMG_2375-002-1024x576.jpg 1024w, https:\/\/www.garage-hecht.fr\/wp-content\/uploads\/IMG_2375-002-300x169.jpg 300w, https:\/\/www.garage-hecht.fr\/wp-content\/uploads\/IMG_2375-002-768x432.jpg 768w, https:\/\/www.garage-hecht.fr\/wp-content\/uploads\/IMG_2375-002-500x281.jpg 500w, https:\/\/www.garage-hecht.fr\/wp-content\/uploads\/IMG_2375-002.jpg 1334w\" sizes=\"auto, (max-width: 1024px) 100vw, 1024px\" \/><\/figure><div class=\"wp-block-media-text__content\">\n<p class=\"has-normal-font-size\">Pour garantir la fiabilit\u00e9 et la fonctionnalit\u00e9 de votre voiture, nous nous chargeons de sa r\u00e9vision et de son entretien.&nbsp;<strong>Notre \u00e9quipe r\u00e9alise un contr\u00f4le rigoureux de votre v\u00e9hicule afin de d\u00e9tecter et de r\u00e9gler le moindre dysfonctionnement<\/strong>.<\/p>\n\n\n\n<p class=\"has-text-align-left\">Respectant les pr\u00e9conisations du constructeur, nous proc\u00e9derons \u00e0 la v\u00e9rification des diff\u00e9rents points de contr\u00f4le. Que ce soit au niveau du moteur, du liquide de refroidissement, des bougies ou encore des filtres, tout sera minutieusement v\u00e9rifi\u00e9 par nos soins.<\/p>\n<\/div><\/div>\n\n\n\n<div style=\"height:100px\" aria-hidden=\"true\" class=\"wp-block-spacer\"><\/div>\n\n\n\n<p class=\"has-medium-font-size\"><strong> L&rsquo;ENTRETIEN DE VOTRE CLIMATISATION <\/strong><\/p>\n\n\n\n<div class=\"wp-block-media-text alignwide has-media-on-the-right\"><figure class=\"wp-block-media-text__media\"><img loading=\"lazy\" decoding=\"async\" width=\"400\" height=\"300\" src=\"http:\/\/www.garage-hecht.fr\/wp-content\/uploads\/windows-down-or-ac-2.jpg\" alt=\"\" class=\"wp-image-1390\" srcset=\"https:\/\/www.garage-hecht.fr\/wp-content\/uploads\/windows-down-or-ac-2.jpg 400w, https:\/\/www.garage-hecht.fr\/wp-content\/uploads\/windows-down-or-ac-2-300x225.jpg 300w\" sizes=\"auto, (max-width: 400px) 100vw, 400px\" \/><\/figure><div class=\"wp-block-media-text__content\">\n<p class=\"has-normal-font-size\"> Indispensable \u00e0 votre confort de conduite, la climatisation vous permet de rouler \u00e0 une temp\u00e9rature convenable en \u00e9t\u00e9, mais aussi de d\u00e9sembuer votre habitacle en hiver. <\/p>\n\n\n\n<p>Nos techniciens \u00e9tant agr\u00e9\u00e9s \u00e0 la r\u00e9glementation, ils proc\u00e9deront \u00e0 l&rsquo;entretien et \u00e0 la recharge climatisation de votre v\u00e9hicule.  <\/p>\n\n\n\n<p><strong>VOTRE CLIMATISATION DOIT IMP\u00c9RATIVEMENT \u00caTRE CONTR\u00d4L\u00c9E TOUS LES DEUX ANS.<\/strong><\/p>\n<\/div><\/div>\n\n\n\n<div style=\"height:100px\" aria-hidden=\"true\" class=\"wp-block-spacer\"><\/div>\n\n\n\n<p class=\"has-text-align-right has-medium-font-size\"><\/p>\n\n\n\n<div class=\"wp-block-media-text alignwide\"><figure class=\"wp-block-media-text__media\"><img loading=\"lazy\" decoding=\"async\" width=\"682\" height=\"1024\" src=\"http:\/\/www.garage-hecht.fr\/wp-content\/uploads\/IMG_0939-682x1024.jpg\" alt=\"\" class=\"wp-image-563\" srcset=\"https:\/\/www.garage-hecht.fr\/wp-content\/uploads\/IMG_0939-682x1024.jpg 682w, https:\/\/www.garage-hecht.fr\/wp-content\/uploads\/IMG_0939-200x300.jpg 200w, https:\/\/www.garage-hecht.fr\/wp-content\/uploads\/IMG_0939.jpg 854w\" sizes=\"auto, (max-width: 682px) 100vw, 682px\" \/><\/figure><div class=\"wp-block-media-text__content\">\n<p class=\"has-medium-font-size\"> <strong>L&rsquo;\u00c9LECTRONIQUE <\/strong> <\/p>\n\n\n\n<p class=\"has-normal-font-size\">Nos m\u00e9caniciens se chargent d&rsquo;effectuer des diagnostiques multi-marques, des resets lors des entretiens, des tests de batterie, &#8230;<\/p>\n<\/div><\/div>\n","protected":false},"excerpt":{"rendered":"<p>POUR UNE R\u00c9VISION EN BONNE ET DUE FORME DE VOTRE V\u00c9HICULE Pour garantir la fiabilit\u00e9 et la fonctionnalit\u00e9 de votre voiture, nous nous chargeons de sa r\u00e9vision et de son entretien.&nbsp;Notre \u00e9quipe r\u00e9alise un contr\u00f4le rigoureux de votre v\u00e9hicule afin &hellip; <a href=\"https:\/\/www.garage-hecht.fr\/?page_id=128\">Continuer la lecture <span class=\"meta-nav\">&rarr;<\/span><\/a><\/p>\n","protected":false},"author":2,"featured_media":0,"parent":0,"menu_order":50,"comment_status":"closed","ping_status":"closed","template":"showcase.php","meta":{"footnotes":""},"class_list":["post-128","page","type-page","status-publish","hentry"],"_links":{"self":[{"href":"https:\/\/www.garage-hecht.fr\/index.php?rest_route=\/wp\/v2\/pages\/128","targetHints":{"allow":["GET"]}}],"collection":[{"href":"https:\/\/www.garage-hecht.fr\/index.php?rest_route=\/wp\/v2\/pages"}],"about":[{"href":"https:\/\/www.garage-hecht.fr\/index.php?rest_route=\/wp\/v2\/types\/page"}],"author":[{"embeddable":true,"href":"https:\/\/www.garage-hecht.fr\/index.php?rest_route=\/wp\/v2\/users\/2"}],"replies":[{"embeddable":true,"href":"https:\/\/www.garage-hecht.fr\/index.php?rest_route=%2Fwp%2Fv2%2Fcomments&post=128"}],"version-history":[{"count":141,"href":"https:\/\/www.garage-hecht.fr\/index.php?rest_route=\/wp\/v2\/pages\/128\/revisions"}],"predecessor-version":[{"id":1417,"href":"https:\/\/www.garage-hecht.fr\/index.php?rest_route=\/wp\/v2\/pages\/128\/revisions\/1417"}],"wp:attachment":[{"href":"https:\/\/www.garage-hecht.fr\/index.php?rest_route=%2Fwp%2Fv2%2Fmedia&parent=128"}],"curies":[{"name":"wp","href":"https:\/\/api.w.org\/{rel}","templated":true}]}}