{"id":7,"date":"2012-09-27T10:01:28","date_gmt":"2012-09-27T09:01:28","guid":{"rendered":"http:\/\/www.garage-hecht.fr\/?page_id=7"},"modified":"2020-09-02T16:24:29","modified_gmt":"2020-09-02T15:24:29","slug":"lavage-fidelius","status":"publish","type":"page","link":"https:\/\/www.garage-hecht.fr\/?page_id=7","title":{"rendered":"Lavage de v\u00e9hicules"},"content":{"rendered":"\n<figure class=\"wp-block-image size-large is-style-circle-mask\"><img loading=\"lazy\" decoding=\"async\" width=\"114\" height=\"107\" src=\"http:\/\/www.garage-hecht.fr\/wp-content\/uploads\/fidelius-1.png\" alt=\"\" class=\"wp-image-1347\"\/><\/figure>\n\n\n\n<div class=\"wp-block-cover has-background-dim\" style=\"background-image:url(http:\/\/www.garage-hecht.fr\/wp-content\/uploads\/IMG_2301-003.jpg)\"><div class=\"wp-block-cover__inner-container is-layout-flow wp-block-cover-is-layout-flow\">\n<p><\/p>\n\n\n\n<p style=\"font-size:30px\" class=\"has-text-align-center\"><strong>VOTRE STATION DE LAVAGE \u00ab\u00a0FID\u00c9LIUS\u00a0\u00bb C&rsquo;EST :<\/strong><br><\/p>\n\n\n\n<ul class=\"wp-block-list\"><li>2 portiques de lavage v\u00e9hicule l\u00e9ger<\/li><li>1 portique de lavage v\u00e9hicule utilitaire<\/li><li>3 pistes haute pression<\/li><li>1 piste haute pression poids lourd<\/li><li>3 aspirateurs<\/li><li>un centre de lavage \u00e9clair\u00e9<\/li><\/ul>\n\n\n\n<p class=\"has-text-align-center has-large-font-size\"><br><strong>OUVERT 7J\/7 ET 24H\/24<\/strong><\/p>\n<\/div><\/div>\n\n\n\n<hr class=\"wp-block-separator is-style-dots\"\/>\n\n\n\n<p class=\"has-text-color has-background has-text-align-center has-medium-font-size has-very-light-gray-color has-very-dark-gray-background-color\"><strong>DESCRIPTION DES INSTALLATIONS<\/strong><\/p>\n\n\n\n<hr class=\"wp-block-separator\"\/>\n\n\n\n<p style=\"font-size:25px\" class=\"has-text-color has-background has-text-align-center has-very-light-gray-color has-very-dark-gray-background-color\"><strong>NOTRE NOUVEAU PORTIQUE DE LAVAGE <\/strong><br><strong>(\u00c0 PARTIR DE 6 \u20ac)<\/strong><\/p>\n\n\n\n<p>Les petits plus :<\/p>\n\n\n\n<ul class=\"wp-block-list\"><li>RIDEAU DE MOUSSE<\/li><li>PAIEMENT CB SANS CONTACT<\/li><\/ul>\n\n\n\n<div class=\"wp-block-media-text alignwide is-vertically-aligned-center\"><figure class=\"wp-block-media-text__media\"><img loading=\"lazy\" decoding=\"async\" width=\"582\" height=\"960\" src=\"http:\/\/www.garage-hecht.fr\/wp-content\/uploads\/IMG_2303-002.jpg\" alt=\"\" class=\"wp-image-1175\" srcset=\"https:\/\/www.garage-hecht.fr\/wp-content\/uploads\/IMG_2303-002.jpg 582w, https:\/\/www.garage-hecht.fr\/wp-content\/uploads\/IMG_2303-002-181x300.jpg 181w\" sizes=\"auto, (max-width: 582px) 100vw, 582px\" \/><\/figure><div class=\"wp-block-media-text__content\">\n<h1 class=\"wp-block-heading\"><strong>Programmes de lavage&nbsp;:<\/strong> <\/h1>\n\n\n\n<ul class=\"wp-block-list\"><li>Pr\u00e9lavage chimique des jantes<\/li><li>Pulv\u00e9risation chimique moussante bas de caisse + jantes<\/li><li>Pr\u00e9lavage chimique anti-moustique<\/li><li>Pr\u00e9lavage chimique \u00e0 froid int\u00e9gral<\/li><li>Shampooing<\/li><li>Mousse active<\/li><li>Rideau de mousse<\/li><li>Agent de s\u00e9chage<\/li><li>Cire de protection<\/li><li>Polish<\/li><li>Lavage ch\u00e2ssis fixe ou oscillant<\/li><\/ul>\n\n\n\n<p><strong>S\u00e9chage&nbsp;:<\/strong><\/p>\n\n\n\n<ul class=\"wp-block-list\"><li>S\u00e9chage int\u00e9gral<\/li><li>Volet de s\u00e9chage orientable<\/li><li>Variateur de s\u00e9chage<\/li><\/ul>\n\n\n\n<p><strong>Moyens de paiement&nbsp;:<\/strong><\/p>\n\n\n\n<ul class=\"wp-block-list\"><li>Monnaie<\/li><li>Jetons de lavage<\/li><li>Carte bancaire avec ou sans contact<\/li><li>Carte privil\u00e8ge<\/li><\/ul>\n<\/div><\/div>\n\n\n\n<div style=\"height:100px\" aria-hidden=\"true\" class=\"wp-block-spacer\"><\/div>\n\n\n\n<div class=\"wp-block-image\"><figure class=\"aligncenter size-large is-resized\"><img loading=\"lazy\" decoding=\"async\" src=\"http:\/\/www.garage-hecht.fr\/wp-content\/uploads\/IMG_2302-002.jpg\" alt=\"\" class=\"wp-image-1174\" width=\"528\" height=\"592\"\/><\/figure><\/div>\n\n\n\n<hr class=\"wp-block-separator is-style-dots\"\/>\n\n\n\n<p style=\"font-size:25px\" class=\"has-text-color has-background has-text-align-center has-very-light-gray-color has-very-dark-gray-background-color\"> <strong>NOTRE PORTIQUE DE LAVAGE V\u00c9HICULE L\u00c9GER + UTILITAIRES <\/strong><br><strong>(\u00c0 PARTIR DE 4\u20ac)<\/strong> <\/p>\n\n\n\n<div class=\"wp-block-media-text alignwide has-media-on-the-right is-vertically-aligned-center\"><figure class=\"wp-block-media-text__media\"><img loading=\"lazy\" decoding=\"async\" width=\"634\" height=\"960\" src=\"http:\/\/www.garage-hecht.fr\/wp-content\/uploads\/IMG_2304-002.jpg\" alt=\"\" class=\"wp-image-1179\" srcset=\"https:\/\/www.garage-hecht.fr\/wp-content\/uploads\/IMG_2304-002.jpg 634w, https:\/\/www.garage-hecht.fr\/wp-content\/uploads\/IMG_2304-002-198x300.jpg 198w\" sizes=\"auto, (max-width: 634px) 100vw, 634px\" \/><\/figure><div class=\"wp-block-media-text__content\">\n<p><strong>Programmes de lavage&nbsp;:<\/strong><\/p>\n\n\n\n<ul class=\"wp-block-list\"><li>Pr\u00e9lavage chimique des jantes<\/li><li>Pulv\u00e9risation chimique moussante bas de caisse + jantes<\/li><li>Pr\u00e9lavage chimique anti-moustique<\/li><li>Pr\u00e9lavage chimique \u00e0 froid int\u00e9gral<\/li><li>Shampooing<\/li><li>Mousse active<\/li><li>Polish<\/li><li>Cire de protection<\/li><li>Agent de s\u00e9chage<\/li><li>Lavage ch\u00e2ssis fixe ou oscillant<\/li><\/ul>\n\n\n\n<p><strong>S\u00e9chage&nbsp;:<\/strong><\/p>\n\n\n\n<ul class=\"wp-block-list\"><li>S\u00e9chage int\u00e9gral<\/li><li>Volet de s\u00e9chage orientable<\/li><li>Variateur de s\u00e9chage<\/li><\/ul>\n\n\n\n<p><strong>Moyens de paiement&nbsp;:<\/strong><\/p>\n\n\n\n<ul class=\"wp-block-list\"><li>Monnaie<\/li><li>Jetons de lavage<\/li><li>Carte bancaire<\/li><li>Carte privil\u00e8ge<\/li><\/ul>\n<\/div><\/div>\n\n\n\n<div style=\"height:100px\" aria-hidden=\"true\" class=\"wp-block-spacer\"><\/div>\n\n\n\n<figure class=\"wp-block-gallery aligncenter columns-2 is-cropped wp-block-gallery-1 is-layout-flex wp-block-gallery-is-layout-flex\"><ul class=\"blocks-gallery-grid\"><li class=\"blocks-gallery-item\"><figure><a href=\"http:\/\/www.garage-hecht.fr\/wp-content\/uploads\/IMG_2308-002.png\"><img loading=\"lazy\" decoding=\"async\" width=\"738\" height=\"815\" src=\"http:\/\/www.garage-hecht.fr\/wp-content\/uploads\/IMG_2308-002.png\" alt=\"\" data-id=\"1177\" data-full-url=\"http:\/\/www.garage-hecht.fr\/wp-content\/uploads\/IMG_2308-002.png\" data-link=\"http:\/\/www.garage-hecht.fr\/?attachment_id=1177\" class=\"wp-image-1177\" srcset=\"https:\/\/www.garage-hecht.fr\/wp-content\/uploads\/IMG_2308-002.png 738w, https:\/\/www.garage-hecht.fr\/wp-content\/uploads\/IMG_2308-002-271x300.png 271w\" sizes=\"auto, (max-width: 738px) 100vw, 738px\" \/><\/a><\/figure><\/li><li class=\"blocks-gallery-item\"><figure><a href=\"http:\/\/www.garage-hecht.fr\/wp-content\/uploads\/IMG_2307-002.png\"><img loading=\"lazy\" decoding=\"async\" width=\"740\" height=\"864\" src=\"http:\/\/www.garage-hecht.fr\/wp-content\/uploads\/IMG_2307-002.png\" alt=\"\" data-id=\"1178\" data-full-url=\"http:\/\/www.garage-hecht.fr\/wp-content\/uploads\/IMG_2307-002.png\" data-link=\"http:\/\/www.garage-hecht.fr\/?attachment_id=1178\" class=\"wp-image-1178\" srcset=\"https:\/\/www.garage-hecht.fr\/wp-content\/uploads\/IMG_2307-002.png 740w, https:\/\/www.garage-hecht.fr\/wp-content\/uploads\/IMG_2307-002-256x300.png 256w\" sizes=\"auto, (max-width: 740px) 100vw, 740px\" \/><\/a><\/figure><\/li><\/ul><\/figure>\n\n\n\n<hr class=\"wp-block-separator is-style-dots\"\/>\n\n\n\n<p style=\"font-size:25px\" class=\"has-text-color has-background has-text-align-center has-very-light-gray-color has-very-dark-gray-background-color\"><strong>NOS 3 PISTES HAUTE PRESSION + NOTRE PISTE POIDS LOURD<\/strong><\/p>\n\n\n\n<p class=\"has-text-align-center\">(Pression 110 bars)<\/p>\n\n\n\n<div class=\"wp-block-media-text alignwide is-vertically-aligned-center\"><figure class=\"wp-block-media-text__media\"><img loading=\"lazy\" decoding=\"async\" width=\"411\" height=\"123\" src=\"http:\/\/www.garage-hecht.fr\/wp-content\/uploads\/Image-3-pistes.jpg\" alt=\"\" class=\"wp-image-1355\" srcset=\"https:\/\/www.garage-hecht.fr\/wp-content\/uploads\/Image-3-pistes.jpg 411w, https:\/\/www.garage-hecht.fr\/wp-content\/uploads\/Image-3-pistes-300x90.jpg 300w\" sizes=\"auto, (max-width: 411px) 100vw, 411px\" \/><\/figure><div class=\"wp-block-media-text__content\">\n<p><strong>Programmes de lavage&nbsp;:<\/strong><\/p>\n\n\n\n<ul class=\"wp-block-list\"><li>Shampooing<\/li><li>Rin\u00e7age \u00e0 l&rsquo;eau froide<\/li><li>Rin\u00e7age&nbsp;\u00e0 l&rsquo;eau d\u00e9min\u00e9ralis\u00e9e<\/li><li>Cire de protection<\/li><li>Pr\u00e9lavage chimique<\/li><\/ul>\n\n\n\n<p><strong>Accessoires lavage&nbsp;:<\/strong><\/p>\n\n\n\n<ul class=\"wp-block-list\"><li>Lance \u00e0 gachette<\/li><li>Brosse mousse<\/li><\/ul>\n\n\n\n<p><strong>Moyens de paiement&nbsp;:<\/strong><\/p>\n\n\n\n<ul class=\"wp-block-list\"><li>Monnaie<\/li><li>Jetons de lavage<\/li><\/ul>\n<\/div><\/div>\n\n\n\n<div style=\"height:100px\" aria-hidden=\"true\" class=\"wp-block-spacer\"><\/div>\n\n\n\n<figure class=\"wp-block-gallery aligncenter columns-3 is-cropped wp-block-gallery-2 is-layout-flex wp-block-gallery-is-layout-flex\"><ul class=\"blocks-gallery-grid\"><li class=\"blocks-gallery-item\"><figure><a href=\"http:\/\/www.garage-hecht.fr\/wp-content\/uploads\/Image-piste-4x4.jpg\"><img loading=\"lazy\" decoding=\"async\" width=\"408\" height=\"332\" src=\"http:\/\/www.garage-hecht.fr\/wp-content\/uploads\/Image-piste-4x4.jpg\" alt=\"\" data-id=\"260\" data-full-url=\"http:\/\/www.garage-hecht.fr\/wp-content\/uploads\/Image-piste-4x4.jpg\" data-link=\"http:\/\/www.garage-hecht.fr\/?attachment_id=260\" class=\"wp-image-260\" srcset=\"https:\/\/www.garage-hecht.fr\/wp-content\/uploads\/Image-piste-4x4.jpg 408w, https:\/\/www.garage-hecht.fr\/wp-content\/uploads\/Image-piste-4x4-300x244.jpg 300w, https:\/\/www.garage-hecht.fr\/wp-content\/uploads\/Image-piste-4x4-368x300.jpg 368w\" sizes=\"auto, (max-width: 408px) 100vw, 408px\" \/><\/a><\/figure><\/li><li class=\"blocks-gallery-item\"><figure><a href=\"http:\/\/www.garage-hecht.fr\/wp-content\/uploads\/IMG_2301-002-1.jpg\"><img loading=\"lazy\" decoding=\"async\" width=\"960\" height=\"720\" src=\"http:\/\/www.garage-hecht.fr\/wp-content\/uploads\/IMG_2301-002-1.jpg\" alt=\"\" data-id=\"1304\" data-full-url=\"http:\/\/www.garage-hecht.fr\/wp-content\/uploads\/IMG_2301-002-1.jpg\" data-link=\"http:\/\/www.garage-hecht.fr\/?attachment_id=1304\" class=\"wp-image-1304\" srcset=\"https:\/\/www.garage-hecht.fr\/wp-content\/uploads\/IMG_2301-002-1.jpg 960w, https:\/\/www.garage-hecht.fr\/wp-content\/uploads\/IMG_2301-002-1-300x225.jpg 300w, https:\/\/www.garage-hecht.fr\/wp-content\/uploads\/IMG_2301-002-1-768x576.jpg 768w, https:\/\/www.garage-hecht.fr\/wp-content\/uploads\/IMG_2301-002-1-400x300.jpg 400w\" sizes=\"auto, (max-width: 960px) 100vw, 960px\" \/><\/a><\/figure><\/li><li class=\"blocks-gallery-item\"><figure><a href=\"http:\/\/www.garage-hecht.fr\/wp-content\/uploads\/Image-piste.jpg\"><img loading=\"lazy\" decoding=\"async\" width=\"562\" height=\"364\" src=\"http:\/\/www.garage-hecht.fr\/wp-content\/uploads\/Image-piste.jpg\" alt=\"\" data-id=\"262\" data-full-url=\"http:\/\/www.garage-hecht.fr\/wp-content\/uploads\/Image-piste.jpg\" data-link=\"http:\/\/www.garage-hecht.fr\/?attachment_id=262\" class=\"wp-image-262\" srcset=\"https:\/\/www.garage-hecht.fr\/wp-content\/uploads\/Image-piste.jpg 562w, https:\/\/www.garage-hecht.fr\/wp-content\/uploads\/Image-piste-300x194.jpg 300w, https:\/\/www.garage-hecht.fr\/wp-content\/uploads\/Image-piste-463x300.jpg 463w\" sizes=\"auto, (max-width: 562px) 100vw, 562px\" \/><\/a><\/figure><\/li><\/ul><\/figure>\n\n\n\n<hr class=\"wp-block-separator is-style-dots\"\/>\n\n\n\n<p style=\"font-size:25px\" class=\"has-text-color has-background has-text-align-center has-very-light-gray-color has-very-dark-gray-background-color\"> <strong>NOS ASPIRATEURS<\/strong> <\/p>\n\n\n\n<div class=\"wp-block-media-text alignwide is-vertically-aligned-center\"><figure class=\"wp-block-media-text__media\"><img loading=\"lazy\" decoding=\"async\" width=\"500\" height=\"500\" src=\"http:\/\/www.garage-hecht.fr\/wp-content\/uploads\/ba-simple.jpg\" alt=\"\" class=\"wp-image-1181\" srcset=\"https:\/\/www.garage-hecht.fr\/wp-content\/uploads\/ba-simple.jpg 500w, https:\/\/www.garage-hecht.fr\/wp-content\/uploads\/ba-simple-150x150.jpg 150w, https:\/\/www.garage-hecht.fr\/wp-content\/uploads\/ba-simple-300x300.jpg 300w\" sizes=\"auto, (max-width: 500px) 100vw, 500px\" \/><\/figure><div class=\"wp-block-media-text__content\">\n<p><strong>Moyens de paiement&nbsp;:<\/strong><\/p>\n\n\n\n<ul class=\"wp-block-list\"><li>Monnaie<\/li><li>Jetons de lavage<\/li><\/ul>\n\n\n\n<p><\/p>\n<\/div><\/div>\n\n\n\n<hr class=\"wp-block-separator is-style-dots\"\/>\n\n\n\n<p style=\"font-size:25px\" class=\"has-text-color has-background has-text-align-center has-very-light-gray-color has-very-dark-gray-background-color\"> <strong>NOTRE DISTRIBUTEUR DE JETONS ET CARTES PRIVIL\u00c8GES<\/strong> <\/p>\n\n\n\n<div class=\"wp-block-media-text alignwide has-media-on-the-right is-vertically-aligned-center\"><figure class=\"wp-block-media-text__media\"><img loading=\"lazy\" decoding=\"async\" width=\"500\" height=\"500\" src=\"http:\/\/www.garage-hecht.fr\/wp-content\/uploads\/dj3-produit.jpg\" alt=\"\" class=\"wp-image-1182\" srcset=\"https:\/\/www.garage-hecht.fr\/wp-content\/uploads\/dj3-produit.jpg 500w, https:\/\/www.garage-hecht.fr\/wp-content\/uploads\/dj3-produit-150x150.jpg 150w, https:\/\/www.garage-hecht.fr\/wp-content\/uploads\/dj3-produit-300x300.jpg 300w\" sizes=\"auto, (max-width: 500px) 100vw, 500px\" \/><\/figure><div class=\"wp-block-media-text__content\">\n<p><strong>Moyens de paiement&nbsp;:<\/strong><\/p>\n\n\n\n<ul class=\"wp-block-list\"><li>Monnaie<\/li><li>Billets<\/li><li>Carte Bancaire<\/li><li>Carte privative pr\u00e9pay\u00e9e<\/li><\/ul>\n\n\n\n<p><strong>Actions disponibles&nbsp;:<\/strong><\/p>\n\n\n\n<ul class=\"wp-block-list\"><li>Achat de jetons<\/li><li>Recharge de cartes privatives<\/li><\/ul>\n<\/div><\/div>\n\n\n\n<div style=\"height:100px\" aria-hidden=\"true\" class=\"wp-block-spacer\"><\/div>\n\n\n\n<p class=\"has-text-align-center has-medium-font-size\"> <strong>ATTENTION, CETTE MACHINE NE REND PAS LA MONNAIE <\/strong><\/p>\n\n\n\n<div style=\"height:100px\" aria-hidden=\"true\" class=\"wp-block-spacer\"><\/div>\n\n\n\n<hr class=\"wp-block-separator is-style-dots\"\/>\n\n\n\n<div style=\"height:100px\" aria-hidden=\"true\" class=\"wp-block-spacer\"><\/div>\n\n\n\n<p class=\"has-text-align-center has-medium-font-size\"><strong>AVEC FIDELIUS, <\/strong><br><strong>AYEZ LA CERTITUDE D&rsquo;UN LAVAGE PROPRE !<\/strong><\/p>\n\n\n\n<div class=\"wp-block-image is-style-circle-mask\"><figure class=\"aligncenter size-large\"><img loading=\"lazy\" decoding=\"async\" width=\"114\" height=\"107\" src=\"http:\/\/www.garage-hecht.fr\/wp-content\/uploads\/fidelius-1.png\" alt=\"\" class=\"wp-image-1347\"\/><\/figure><\/div>\n","protected":false},"excerpt":{"rendered":"<p>DESCRIPTION DES INSTALLATIONS NOTRE NOUVEAU PORTIQUE DE LAVAGE (\u00c0 PARTIR DE 6 \u20ac) Les petits plus : RIDEAU DE MOUSSE PAIEMENT CB SANS CONTACT Programmes de lavage&nbsp;: Pr\u00e9lavage chimique des jantes Pulv\u00e9risation chimique moussante bas de caisse + jantes Pr\u00e9lavage &hellip; <a href=\"https:\/\/www.garage-hecht.fr\/?page_id=7\">Continuer la lecture <span class=\"meta-nav\">&rarr;<\/span><\/a><\/p>\n","protected":false},"author":1,"featured_media":0,"parent":0,"menu_order":0,"comment_status":"closed","ping_status":"closed","template":"showcase.php","meta":{"footnotes":""},"class_list":["post-7","page","type-page","status-publish","hentry"],"_links":{"self":[{"href":"https:\/\/www.garage-hecht.fr\/index.php?rest_route=\/wp\/v2\/pages\/7","targetHints":{"allow":["GET"]}}],"collection":[{"href":"https:\/\/www.garage-hecht.fr\/index.php?rest_route=\/wp\/v2\/pages"}],"about":[{"href":"https:\/\/www.garage-hecht.fr\/index.php?rest_route=\/wp\/v2\/types\/page"}],"author":[{"embeddable":true,"href":"https:\/\/www.garage-hecht.fr\/index.php?rest_route=\/wp\/v2\/users\/1"}],"replies":[{"embeddable":true,"href":"https:\/\/www.garage-hecht.fr\/index.php?rest_route=%2Fwp%2Fv2%2Fcomments&post=7"}],"version-history":[{"count":87,"href":"https:\/\/www.garage-hecht.fr\/index.php?rest_route=\/wp\/v2\/pages\/7\/revisions"}],"predecessor-version":[{"id":1433,"href":"https:\/\/www.garage-hecht.fr\/index.php?rest_route=\/wp\/v2\/pages\/7\/revisions\/1433"}],"wp:attachment":[{"href":"https:\/\/www.garage-hecht.fr\/index.php?rest_route=%2Fwp%2Fv2%2Fmedia&parent=7"}],"curies":[{"name":"wp","href":"https:\/\/api.w.org\/{rel}","templated":true}]}}