{"id":74,"date":"2012-09-27T14:31:12","date_gmt":"2012-09-27T13:31:12","guid":{"rendered":"http:\/\/www.garage-hecht.fr\/?page_id=74"},"modified":"2024-10-01T11:46:34","modified_gmt":"2024-10-01T10:46:34","slug":"location-de-vhehicules","status":"publish","type":"page","link":"https:\/\/www.garage-hecht.fr\/?page_id=74","title":{"rendered":"Location de v\u00e9hicules"},"content":{"rendered":"\n<div class=\"wp-block-cover has-background-dim\" style=\"background-image:url(http:\/\/www.garage-hecht.fr\/wp-content\/uploads\/PHOTO-9-MINIBUS-2bis-21-e1578670341309.jpg)\"><div class=\"wp-block-cover__inner-container is-layout-flow wp-block-cover-is-layout-flow\">\n<p style=\"font-size:25px\"><strong>DEPUIS 1999, LE GARAGE HECHT \u00c0 BRUMATH PROPOSE \u00c0 LA LOCATION DES V\u00c9HICULES :<\/strong><\/p>\n\n\n\n<ul class=\"wp-block-list\"><li><strong>DE TOURISME;<\/strong><\/li><li><strong> UTILITAIRES <\/strong>(POUR D\u00c9M\u00c9NAGEMENT&nbsp;&amp; CHANTIER)<strong>;<\/strong><\/li><li><strong>DES MINIBUS 9 PLACES.<\/strong><\/li><\/ul>\n<\/div><\/div>\n\n\n\n<div style=\"height:100px\" aria-hidden=\"true\" class=\"wp-block-spacer\"><\/div>\n\n\n\n<div class=\"wp-block-button aligncenter is-style-fill\"><a class=\"wp-block-button__link\" href=\"\" style=\"border-radius:18px\">PR\u00c9-R\u00c9SERVER DES \u00c0 PR\u00c9SENT VOTRE V\u00c9HICULE EN BAS DE PAGE<\/a><\/div>\n\n\n\n<div style=\"height:100px\" aria-hidden=\"true\" class=\"wp-block-spacer\"><\/div>\n\n\n\n<div class=\"wp-block-media-text alignwide is-vertically-aligned-center\" style=\"grid-template-columns:36% auto\"><figure class=\"wp-block-media-text__media\"><img decoding=\"async\" src=\"http:\/\/www.garage-hecht.fr\/wp-content\/uploads\/contrat-location.png\" alt=\"\" class=\"wp-image-1362\"\/><\/figure><div class=\"wp-block-media-text__content\">\n<p class=\"has-text-align-center\"><strong>INFORMATIONS<\/strong><\/p>\n\n\n\n<p class=\"has-text-align-left\">Pour louer un v\u00e9hicule, tout conducteur doit \u00eatre titulaire d\u2019un&nbsp;permis de conduire en cours de validit\u00e9&nbsp;en France depuis au moins&nbsp;3 ans.<\/p>\n\n\n\n<p class=\"has-text-align-left\">Une caution de 800\u20ac vous sera demand\u00e9e lors du d\u00e9part du v\u00e9hicule (non pr\u00e9lev\u00e9e au d\u00e9part).<\/p>\n\n\n\n<p class=\"has-text-align-left\">Nous pouvons rajouter jusqu&rsquo;\u00e0 3 chauffeurs sans suppl\u00e9ment \u00e0 votre contrat de location.<\/p>\n<\/div><\/div>\n\n\n\n<div style=\"height:100px\" aria-hidden=\"true\" class=\"wp-block-spacer\"><\/div>\n\n\n\n<p style=\"font-size:28px\" class=\"has-text-color has-background has-text-align-center has-very-light-gray-color has-very-dark-gray-background-color\">DES SOLUTIONS SIMPLES POUR\u00a0<br><strong>PARTIR, VOYAGER, D\u00c9M\u00c9NAGER, TRANSPORTER<\/strong><br><br> AVEC NOTRE PARC\u00a0D&rsquo;UNE TRENTAINE DE V\u00c9HICULES <\/p>\n\n\n\n<div style=\"height:100px\" aria-hidden=\"true\" class=\"wp-block-spacer\"><\/div>\n\n\n\n<hr class=\"wp-block-separator\"\/>\n\n\n\n<p class=\"has-text-align-center has-medium-font-size\"> <strong>CI-DESSOUS, NOS V\u00c9HICULES DISPONIBLE \u00c0 LA LOCATION&nbsp;<\/strong> <\/p>\n\n\n\n<hr class=\"wp-block-separator\"\/>\n\n\n\n<div class=\"wp-block-media-text alignwide has-media-on-the-right is-stacked-on-mobile is-vertically-aligned-center\" style=\"grid-template-columns:auto 35%\"><figure class=\"wp-block-media-text__media\"><img loading=\"lazy\" decoding=\"async\" width=\"800\" height=\"596\" src=\"http:\/\/www.garage-hecht.fr\/wp-content\/uploads\/9745_HD_ren2005clioIII-1.jpg\" alt=\"\" class=\"wp-image-1367\" srcset=\"https:\/\/www.garage-hecht.fr\/wp-content\/uploads\/9745_HD_ren2005clioIII-1.jpg 800w, https:\/\/www.garage-hecht.fr\/wp-content\/uploads\/9745_HD_ren2005clioIII-1-300x224.jpg 300w, https:\/\/www.garage-hecht.fr\/wp-content\/uploads\/9745_HD_ren2005clioIII-1-768x572.jpg 768w, https:\/\/www.garage-hecht.fr\/wp-content\/uploads\/9745_HD_ren2005clioIII-1-403x300.jpg 403w\" sizes=\"auto, (max-width: 800px) 100vw, 800px\" \/><\/figure><div class=\"wp-block-media-text__content\">\n<p class=\"has-medium-font-size\"><strong>Renault Clio <\/strong>(diesel)<\/p>\n\n\n\n<p>\u00c0 partir de 20 \u20ac TTC<\/p>\n\n\n\n<p><em>(0,19 \u20ac TTC le KM suppl\u00e9mentaire)<\/em><\/p>\n<\/div><\/div>\n\n\n\n<hr class=\"wp-block-separator\"\/>\n\n\n\n<div class=\"wp-block-media-text alignwide is-stacked-on-mobile\"><figure class=\"wp-block-media-text__media\"><img loading=\"lazy\" decoding=\"async\" width=\"433\" height=\"577\" src=\"http:\/\/www.garage-hecht.fr\/wp-content\/uploads\/megane-rotated.jpg\" alt=\"\" class=\"wp-image-1453\" srcset=\"https:\/\/www.garage-hecht.fr\/wp-content\/uploads\/megane-rotated.jpg 433w, https:\/\/www.garage-hecht.fr\/wp-content\/uploads\/megane-225x300.jpg 225w\" sizes=\"auto, (max-width: 433px) 100vw, 433px\" \/><\/figure><div class=\"wp-block-media-text__content\">\n<p class=\"has-medium-font-size\"><strong>Renault m\u00e9gane <\/strong>(essence) <\/p>\n\n\n\n<p>\u00c0 partir de 20 \u20ac TTC<\/p>\n\n\n\n<p>(0,19 \u20ac TTC le KM suppl\u00e9mentaire) <\/p>\n<\/div><\/div>\n\n\n\n<hr class=\"wp-block-separator\"\/>\n\n\n\n<div class=\"wp-block-media-text alignwide has-media-on-the-right is-stacked-on-mobile\"><figure class=\"wp-block-media-text__media\"><img loading=\"lazy\" decoding=\"async\" width=\"370\" height=\"459\" src=\"http:\/\/www.garage-hecht.fr\/wp-content\/uploads\/corsa-h-1.png\" alt=\"\" class=\"wp-image-1452\" srcset=\"https:\/\/www.garage-hecht.fr\/wp-content\/uploads\/corsa-h-1.png 370w, https:\/\/www.garage-hecht.fr\/wp-content\/uploads\/corsa-h-1-242x300.png 242w\" sizes=\"auto, (max-width: 370px) 100vw, 370px\" \/><\/figure><div class=\"wp-block-media-text__content\">\n<p class=\"has-medium-font-size\"><strong>Opel Corsa<\/strong> (diesel)<\/p>\n\n\n\n<p>\u00c0 partir de 40 \u20ac TTC <\/p>\n\n\n\n<p>(0,25 \u20ac TTC le KM suppl\u00e9mentaire) <\/p>\n<\/div><\/div>\n\n\n\n<hr class=\"wp-block-separator\"\/>\n\n\n\n<div class=\"wp-block-media-text alignwide is-stacked-on-mobile\"><figure class=\"wp-block-media-text__media\"><img loading=\"lazy\" decoding=\"async\" width=\"433\" height=\"577\" src=\"http:\/\/www.garage-hecht.fr\/wp-content\/uploads\/Clio-essence-e-rotated.jpg\" alt=\"\" class=\"wp-image-1450\" srcset=\"https:\/\/www.garage-hecht.fr\/wp-content\/uploads\/Clio-essence-e-rotated.jpg 433w, https:\/\/www.garage-hecht.fr\/wp-content\/uploads\/Clio-essence-e-225x300.jpg 225w\" sizes=\"auto, (max-width: 433px) 100vw, 433px\" \/><\/figure><div class=\"wp-block-media-text__content\">\n<p class=\"has-medium-font-size\"><strong>Renault Clio<\/strong> (essence) <\/p>\n\n\n\n<p>\u00c0 partir de 40 \u20ac TTC<\/p>\n\n\n\n<p>(0,23 \u20ac TTC le KM suppl\u00e9mentaire) <\/p>\n<\/div><\/div>\n\n\n\n<hr class=\"wp-block-separator\"\/>\n\n\n\n<div class=\"wp-block-media-text alignwide has-media-on-the-right is-stacked-on-mobile is-vertically-aligned-center\" style=\"grid-template-columns:auto 41%\"><figure class=\"wp-block-media-text__media\"><img loading=\"lazy\" decoding=\"async\" width=\"743\" height=\"986\" src=\"http:\/\/www.garage-hecht.fr\/wp-content\/uploads\/IMG_2299-002.png\" alt=\"\" class=\"wp-image-1160\" srcset=\"https:\/\/www.garage-hecht.fr\/wp-content\/uploads\/IMG_2299-002.png 743w, https:\/\/www.garage-hecht.fr\/wp-content\/uploads\/IMG_2299-002-226x300.png 226w\" sizes=\"auto, (max-width: 743px) 100vw, 743px\" \/><\/figure><div class=\"wp-block-media-text__content\">\n<p class=\"has-medium-font-size\"><strong>Opel Crossland <\/strong>(diesel)<\/p>\n\n\n\n<p>\u00c0 partir de 60 \u20ac TTC <\/p>\n\n\n\n<p><em>(0,25 \u20ac TTC le KM suppl\u00e9mentaire)<\/em><\/p>\n<\/div><\/div>\n\n\n\n<hr class=\"wp-block-separator\"\/>\n\n\n\n<div class=\"wp-block-group is-layout-flow wp-block-group-is-layout-flow\"><div class=\"wp-block-group__inner-container\"><\/div><\/div>\n\n\n\n<div class=\"wp-block-media-text alignwide is-stacked-on-mobile\" style=\"grid-template-columns:62% auto\"><figure class=\"wp-block-media-text__media\"><img loading=\"lazy\" decoding=\"async\" width=\"1024\" height=\"575\" src=\"http:\/\/www.garage-hecht.fr\/wp-content\/uploads\/IMG_1706-002-e1578412178289-1024x575.jpg\" alt=\"\" class=\"wp-image-1162\" srcset=\"https:\/\/www.garage-hecht.fr\/wp-content\/uploads\/IMG_1706-002-e1578412178289-1024x575.jpg 1024w, https:\/\/www.garage-hecht.fr\/wp-content\/uploads\/IMG_1706-002-e1578412178289-300x168.jpg 300w, https:\/\/www.garage-hecht.fr\/wp-content\/uploads\/IMG_1706-002-e1578412178289.jpg 1334w\" sizes=\"auto, (max-width: 1024px) 100vw, 1024px\" \/><\/figure><div class=\"wp-block-media-text__content\">\n<p class=\"has-medium-font-size\"><strong>Opel Movano &#8211; Citro\u00ebn Jumper (12m3)<\/strong><\/p>\n\n\n\n<p>\u00c0 partir de 70 \u20ac TTC <\/p>\n\n\n\n<p><em>(0,25 \u20ac TTC le KM suppl\u00e9mentaire)<\/em><\/p>\n<\/div><\/div>\n\n\n\n<hr class=\"wp-block-separator is-style-dots\"\/>\n\n\n\n<hr class=\"wp-block-separator is-style-dots\"\/>\n\n\n\n<div class=\"wp-block-media-text alignwide is-vertically-aligned-center\" style=\"grid-template-columns:41% auto\"><figure class=\"wp-block-media-text__media\"><img loading=\"lazy\" decoding=\"async\" width=\"216\" height=\"152\" src=\"http:\/\/www.garage-hecht.fr\/wp-content\/uploads\/Capture-d\u2019\u00e9cran-2012-10-03-\u00e0-11.18.11.png\" alt=\"\" class=\"wp-image-115\"\/><\/figure><div class=\"wp-block-media-text__content\">\n<p class=\"has-medium-font-size\"><strong>Renault Mascott &#8211; Camion benne<\/strong><\/p>\n\n\n\n<p><em>(0,25\u20acTTC le KM suppl\u00e9mentaire)<\/em><\/p>\n<\/div><\/div>\n\n\n\n<hr class=\"wp-block-separator is-style-dots\"\/>\n\n\n\n<div class=\"wp-block-media-text alignwide has-media-on-the-right is-vertically-aligned-center\" style=\"grid-template-columns:auto 66%\"><figure class=\"wp-block-media-text__media\"><img loading=\"lazy\" decoding=\"async\" width=\"1024\" height=\"447\" src=\"http:\/\/www.garage-hecht.fr\/wp-content\/uploads\/PHOTO-9-MINIBUS-2bis-2-1024x447.jpg\" alt=\"\" class=\"wp-image-1085\" srcset=\"https:\/\/www.garage-hecht.fr\/wp-content\/uploads\/PHOTO-9-MINIBUS-2bis-2-1024x447.jpg 1024w, https:\/\/www.garage-hecht.fr\/wp-content\/uploads\/PHOTO-9-MINIBUS-2bis-2-300x131.jpg 300w, https:\/\/www.garage-hecht.fr\/wp-content\/uploads\/PHOTO-9-MINIBUS-2bis-2-500x218.jpg 500w\" sizes=\"auto, (max-width: 1024px) 100vw, 1024px\" \/><\/figure><div class=\"wp-block-media-text__content\">\n<p class=\"has-medium-font-size\"><strong>Minibus 9 places<\/strong><\/p>\n\n\n\n<p><em>(0,40 \u20ac TTC le KM suppl\u00e9mentaire)<\/em><\/p>\n<\/div><\/div>\n\n\n\n<hr class=\"wp-block-separator is-style-dots\"\/>\n\n\n\n<p> * Voir conditions sur place &#8211; Devis&nbsp;sur simple demande <\/p>\n\n\n\n<hr class=\"wp-block-separator\"\/>\n\n\n\n<div class=\"wp-block-button aligncenter\"><a class=\"wp-block-button__link\" style=\"border-radius:16px\">PR\u00c9-R\u00c9SERVER VOTRE V\u00c9HICULE<\/a><\/div>\n\n\n\n<p><\/p>\n\n\n\n<hr class=\"wp-block-separator\"\/>\n\n\n<h6 style=\"text-align: center;\">&nbsp;<\/h6>\n<p style=\"text-align: center;\">\n<div class=\"wpcf7 no-js\" id=\"wpcf7-f759-o1\" lang=\"en-US\" dir=\"ltr\" data-wpcf7-id=\"759\">\n<div class=\"screen-reader-response\"><p role=\"status\" aria-live=\"polite\" aria-atomic=\"true\"><\/p> <ul><\/ul><\/div>\n<form action=\"\/index.php?rest_route=%2Fwp%2Fv2%2Fpages%2F74#wpcf7-f759-o1\" method=\"post\" class=\"wpcf7-form init\" aria-label=\"Contact form\" novalidate=\"novalidate\" data-status=\"init\">\n<fieldset class=\"hidden-fields-container\"><input type=\"hidden\" name=\"_wpcf7\" value=\"759\" \/><input type=\"hidden\" name=\"_wpcf7_version\" value=\"6.1.5\" \/><input type=\"hidden\" name=\"_wpcf7_locale\" value=\"en_US\" \/><input type=\"hidden\" name=\"_wpcf7_unit_tag\" value=\"wpcf7-f759-o1\" \/><input type=\"hidden\" name=\"_wpcf7_container_post\" value=\"0\" \/><input type=\"hidden\" name=\"_wpcf7_posted_data_hash\" value=\"\" \/>\n<\/fieldset>\n<p>Votre nom (obligatoire)\n<\/p>\n<p><span class=\"wpcf7-form-control-wrap\" data-name=\"your-name\"><input size=\"40\" maxlength=\"400\" class=\"wpcf7-form-control wpcf7-text wpcf7-validates-as-required\" aria-required=\"true\" aria-invalid=\"false\" value=\"\" type=\"text\" name=\"your-name\" \/><\/span>\n<\/p>\n<p>Votre num\u00e9ro de t\u00e9l\u00e9phone (obligatoire)\n<\/p>\n<p><span class=\"wpcf7-form-control-wrap\" data-name=\"your-phone\"><input size=\"40\" maxlength=\"400\" class=\"wpcf7-form-control wpcf7-text wpcf7-validates-as-required\" aria-required=\"true\" aria-invalid=\"false\" value=\"\" type=\"text\" name=\"your-phone\" \/><\/span>\n<\/p>\n<p>Votre email (obligatoire)\n<\/p>\n<p><span class=\"wpcf7-form-control-wrap\" data-name=\"your-email\"><input size=\"40\" maxlength=\"400\" class=\"wpcf7-form-control wpcf7-email wpcf7-validates-as-required wpcf7-text wpcf7-validates-as-email\" aria-required=\"true\" aria-invalid=\"false\" value=\"\" type=\"email\" name=\"your-email\" \/><\/span>\n<\/p>\n<p>Selection du v\u00e9hicule (obligatoire)\n<\/p>\n<p><span class=\"wpcf7-form-control-wrap\" data-name=\"menu-817\"><select class=\"wpcf7-form-control wpcf7-select wpcf7-validates-as-required\" aria-required=\"true\" aria-invalid=\"false\" name=\"menu-817\"><option value=\"\">&#8212;Please choose an option&#8212;<\/option><option value=\"C1 essense\">C1 essense<\/option><option value=\"Clio diesel\">Clio diesel<\/option><option value=\"M\u00e9gane essence\">M\u00e9gane essence<\/option><option value=\"Crossland Diesel\">Crossland Diesel<\/option><option value=\"Minibus 9 places\">Minibus 9 places<\/option><option value=\"Camionnette 12M3\">Camionnette 12M3<\/option><option value=\"Camionnette 20M3\">Camionnette 20M3<\/option><option value=\"Camionnette Benne\">Camionnette Benne<\/option><\/select><\/span>\n<\/p>\n<p>Date de d\u00e9but de location souhait\u00e9e (obligatoire)\n<\/p>\n<p><span class=\"wpcf7-form-control-wrap\" data-name=\"your-datestart\"><input size=\"40\" maxlength=\"400\" class=\"wpcf7-form-control wpcf7-text wpcf7-validates-as-required\" aria-required=\"true\" aria-invalid=\"false\" value=\"\" type=\"text\" name=\"your-datestart\" \/><\/span>\n<\/p>\n<p>Date de fin de location souhait\u00e9e (obligatoire)\n<\/p>\n<p><span class=\"wpcf7-form-control-wrap\" data-name=\"your-dateend\"><input size=\"40\" maxlength=\"400\" class=\"wpcf7-form-control wpcf7-text wpcf7-validates-as-required\" aria-required=\"true\" aria-invalid=\"false\" value=\"\" type=\"text\" name=\"your-dateend\" \/><\/span>\n<\/p>\n<p>Nombre de kilom\u00e8tres envisag\u00e9 (obligatoire)\n<\/p>\n<p><span class=\"wpcf7-form-control-wrap\" data-name=\"your-km\"><input size=\"40\" maxlength=\"400\" class=\"wpcf7-form-control wpcf7-text wpcf7-validates-as-required\" aria-required=\"true\" aria-invalid=\"false\" value=\"\" type=\"text\" name=\"your-km\" \/><\/span>\n<\/p>\n<p>Option m\u00e9nage \u00e0 100 \u20ac<br \/>\n<span class=\"wpcf7-form-control-wrap\" data-name=\"checkbox-185\"><span class=\"wpcf7-form-control wpcf7-checkbox\"><span class=\"wpcf7-list-item first\"><span class=\"wpcf7-list-item-label\">Oui<\/span><input type=\"checkbox\" name=\"checkbox-185[]\" value=\"Oui\" \/><\/span><span class=\"wpcf7-list-item last\"><span class=\"wpcf7-list-item-label\">Non<\/span><input type=\"checkbox\" name=\"checkbox-185[]\" value=\"Non\" \/><\/span><\/span><\/span>\n<\/p>\n<p>Votre message\n<\/p>\n<p><span class=\"wpcf7-form-control-wrap\" data-name=\"your-date\"><textarea cols=\"40\" rows=\"10\" maxlength=\"2000\" class=\"wpcf7-form-control wpcf7-textarea\" aria-invalid=\"false\" name=\"your-date\"><\/textarea><\/span>\n<\/p>\n<p><input class=\"wpcf7-form-control wpcf7-submit has-spinner\" type=\"submit\" value=\"Envoyer\" \/>\n<\/p><div class=\"wpcf7-response-output\" aria-hidden=\"true\"><\/div>\n<\/form>\n<\/div>\n<\/p>\n<p style=\"text-align: center;\">L&rsquo;\u00e9quipe du Garage Hecht vous remercie pour votre demande.<\/p>\n<p style=\"text-align: center;\">Nous vous contacterons d\u00e8s que possible afin de satisfaire au mieux vos attentes.<\/p>","protected":false},"excerpt":{"rendered":"<p>INFORMATIONS Pour louer un v\u00e9hicule, tout conducteur doit \u00eatre titulaire d\u2019un&nbsp;permis de conduire en cours de validit\u00e9&nbsp;en France depuis au moins&nbsp;3 ans. Une caution de 800\u20ac vous sera demand\u00e9e lors du d\u00e9part du v\u00e9hicule (non pr\u00e9lev\u00e9e au d\u00e9part). Nous pouvons &hellip; <a href=\"https:\/\/www.garage-hecht.fr\/?page_id=74\">Continuer la lecture <span class=\"meta-nav\">&rarr;<\/span><\/a><\/p>\n","protected":false},"author":1,"featured_media":0,"parent":0,"menu_order":0,"comment_status":"closed","ping_status":"closed","template":"showcase.php","meta":{"footnotes":""},"class_list":["post-74","page","type-page","status-publish","hentry"],"_links":{"self":[{"href":"https:\/\/www.garage-hecht.fr\/index.php?rest_route=\/wp\/v2\/pages\/74","targetHints":{"allow":["GET"]}}],"collection":[{"href":"https:\/\/www.garage-hecht.fr\/index.php?rest_route=\/wp\/v2\/pages"}],"about":[{"href":"https:\/\/www.garage-hecht.fr\/index.php?rest_route=\/wp\/v2\/types\/page"}],"author":[{"embeddable":true,"href":"https:\/\/www.garage-hecht.fr\/index.php?rest_route=\/wp\/v2\/users\/1"}],"replies":[{"embeddable":true,"href":"https:\/\/www.garage-hecht.fr\/index.php?rest_route=%2Fwp%2Fv2%2Fcomments&post=74"}],"version-history":[{"count":163,"href":"https:\/\/www.garage-hecht.fr\/index.php?rest_route=\/wp\/v2\/pages\/74\/revisions"}],"predecessor-version":[{"id":1485,"href":"https:\/\/www.garage-hecht.fr\/index.php?rest_route=\/wp\/v2\/pages\/74\/revisions\/1485"}],"wp:attachment":[{"href":"https:\/\/www.garage-hecht.fr\/index.php?rest_route=%2Fwp%2Fv2%2Fmedia&parent=74"}],"curies":[{"name":"wp","href":"https:\/\/api.w.org\/{rel}","templated":true}]}}