{"id":78,"date":"2012-09-27T14:54:24","date_gmt":"2012-09-27T13:54:24","guid":{"rendered":"http:\/\/www.garage-hecht.fr\/?page_id=78"},"modified":"2020-01-24T10:19:57","modified_gmt":"2020-01-24T09:19:57","slug":"pneu-services","status":"publish","type":"page","link":"https:\/\/www.garage-hecht.fr\/?page_id=78","title":{"rendered":"Pneu services"},"content":{"rendered":"\n<div class=\"wp-block-image is-style-circle-mask\"><figure class=\"aligncenter\"><img loading=\"lazy\" decoding=\"async\" width=\"111\" height=\"118\" src=\"http:\/\/www.garage-hecht.fr\/wp-content\/uploads\/Image-logo-Pneu-Services.jpg\" alt=\"\" class=\"wp-image-436\"\/><\/figure><\/div>\n\n\n\n<div class=\"wp-block-cover has-background-dim\" style=\"background-image:url(http:\/\/www.garage-hecht.fr\/wp-content\/uploads\/cache_48341424.jpg)\"><div class=\"wp-block-cover__inner-container is-layout-flow wp-block-cover-is-layout-flow\">\n<p class=\"has-text-align-center has-medium-font-size\"><strong> Le garage Hecht \u00e0 Brumath vous accueille pour toutes les op\u00e9rations li\u00e9es \u00e0 vos pneumatiques.\u00a0<\/strong><\/p>\n\n\n\n<p class=\"has-text-align-center has-medium-font-size\">   <strong>Des conseils et des services essentiels pour obtenir le maximum de s\u00e9curit\u00e9, de kilom\u00e8tres et surtout,<\/strong> <\/p>\n\n\n\n<p class=\"has-text-align-center has-large-font-size\"> <strong>votre satisfaction ! <\/strong><\/p>\n<\/div><\/div>\n\n\n\n<div style=\"height:100px\" aria-hidden=\"true\" class=\"wp-block-spacer\"><\/div>\n\n\n\n<hr class=\"wp-block-separator\"\/>\n\n\n\n<p class=\"has-text-color has-background has-text-align-center has-medium-font-size has-very-light-gray-color has-very-dark-gray-background-color\"> <strong>NOS SERVICES<\/strong><\/p>\n\n\n\n<hr class=\"wp-block-separator\"\/>\n\n\n\n<div style=\"height:100px\" aria-hidden=\"true\" class=\"wp-block-spacer\"><\/div>\n\n\n\n<div class=\"wp-block-media-text alignwide\" style=\"grid-template-columns:19% auto\"><figure class=\"wp-block-media-text__media\"><img loading=\"lazy\" decoding=\"async\" width=\"600\" height=\"600\" src=\"http:\/\/www.garage-hecht.fr\/wp-content\/uploads\/I-Grande-14146-panneau-station-de-gonflage-ce26.net_.jpg\" alt=\"\" class=\"wp-image-1188\" srcset=\"https:\/\/www.garage-hecht.fr\/wp-content\/uploads\/I-Grande-14146-panneau-station-de-gonflage-ce26.net_.jpg 600w, https:\/\/www.garage-hecht.fr\/wp-content\/uploads\/I-Grande-14146-panneau-station-de-gonflage-ce26.net_-150x150.jpg 150w, https:\/\/www.garage-hecht.fr\/wp-content\/uploads\/I-Grande-14146-panneau-station-de-gonflage-ce26.net_-300x300.jpg 300w\" sizes=\"auto, (max-width: 600px) 100vw, 600px\" \/><\/figure><div class=\"wp-block-media-text__content\">\n<p class=\"has-medium-font-size\"><strong>GONFLAGE \u00c0 LA JUSTE PRESSION<\/strong><\/p>\n\n\n\n<p>Une bonne pression des pneumatiques garantie plus de s\u00e9curit\u00e9, mais \u00e9galement moins de consommation de carburant ainsi qu&rsquo;une usure des pneus ralentie.<\/p>\n\n\n\n<p>Nous nous chargeons d&rsquo;effectuer cela pour vous <strong>gratuitement et sans rendez-vous<\/strong>.<\/p>\n<\/div><\/div>\n\n\n\n<div style=\"height:100px\" aria-hidden=\"true\" class=\"wp-block-spacer\"><\/div>\n\n\n\n<div class=\"wp-block-media-text alignwide has-media-on-the-right\" style=\"grid-template-columns:auto 33%\"><figure class=\"wp-block-media-text__media\"><img loading=\"lazy\" decoding=\"async\" width=\"421\" height=\"305\" src=\"http:\/\/www.garage-hecht.fr\/wp-content\/uploads\/cache_48341424-1.jpg\" alt=\"\" class=\"wp-image-1378\" srcset=\"https:\/\/www.garage-hecht.fr\/wp-content\/uploads\/cache_48341424-1.jpg 421w, https:\/\/www.garage-hecht.fr\/wp-content\/uploads\/cache_48341424-1-300x217.jpg 300w, https:\/\/www.garage-hecht.fr\/wp-content\/uploads\/cache_48341424-1-414x300.jpg 414w\" sizes=\"auto, (max-width: 421px) 100vw, 421px\" \/><\/figure><div class=\"wp-block-media-text__content\">\n<p class=\"has-medium-font-size\"><strong>GARDIENNAGE DES PNEUMATIQUES <\/strong><\/p>\n\n\n\n<p> Le garage HECHT assure le contr\u00f4le et le conditionnement dans les meilleures conditions, vos pneumatiques hiver ou \u00e9t\u00e9 jusqu&rsquo;\u00e0 la prochaine saison (6mois). <\/p>\n\n\n\n<p class=\"has-normal-font-size\">Tarif : <strong>14 \u20ac TTC\/SAISONS<\/strong><\/p>\n<\/div><\/div>\n\n\n\n<div style=\"height:100px\" aria-hidden=\"true\" class=\"wp-block-spacer\"><\/div>\n\n\n\n<div class=\"wp-block-media-text alignwide\" style=\"grid-template-columns:41% auto\"><figure class=\"wp-block-media-text__media\"><img loading=\"lazy\" decoding=\"async\" width=\"682\" height=\"1024\" src=\"http:\/\/www.garage-hecht.fr\/wp-content\/uploads\/IMG_0938-682x1024.jpg\" alt=\"\" class=\"wp-image-588\" srcset=\"https:\/\/www.garage-hecht.fr\/wp-content\/uploads\/IMG_0938-682x1024.jpg 682w, https:\/\/www.garage-hecht.fr\/wp-content\/uploads\/IMG_0938-200x300.jpg 200w, https:\/\/www.garage-hecht.fr\/wp-content\/uploads\/IMG_0938.jpg 712w\" sizes=\"auto, (max-width: 682px) 100vw, 682px\" \/><\/figure><div class=\"wp-block-media-text__content\">\n<p class=\"has-medium-font-size\"><strong>MONTAGE PNEUMATIQUES<\/strong><\/p>\n\n\n\n<p> En effectuant le montage de vos pneus au garage HECHT, vous vous assurez de rouler en toute s\u00e9curit\u00e9.<\/p>\n\n\n\n<p>Tarif : <strong>14 \u20ac TTC <\/strong><\/p>\n<\/div><\/div>\n\n\n\n<div style=\"height:100px\" aria-hidden=\"true\" class=\"wp-block-spacer\"><\/div>\n\n\n\n<div class=\"wp-block-media-text alignwide has-media-on-the-right\" style=\"grid-template-columns:auto 36%\"><figure class=\"wp-block-media-text__media\"><img loading=\"lazy\" decoding=\"async\" width=\"682\" height=\"1024\" src=\"http:\/\/www.garage-hecht.fr\/wp-content\/uploads\/IMG_0936-682x1024.jpg\" alt=\"\" class=\"wp-image-596\" srcset=\"https:\/\/www.garage-hecht.fr\/wp-content\/uploads\/IMG_0936-682x1024.jpg 682w, https:\/\/www.garage-hecht.fr\/wp-content\/uploads\/IMG_0936-199x300.jpg 199w, https:\/\/www.garage-hecht.fr\/wp-content\/uploads\/IMG_0936.jpg 1139w\" sizes=\"auto, (max-width: 682px) 100vw, 682px\" \/><\/figure><div class=\"wp-block-media-text__content\">\n<p class=\"has-medium-font-size\"><strong>\u00c9QUILIBRAGE<\/strong><\/p>\n\n\n\n<p> L\u2019\u00e9quilibrage des pneumatiques permet de r\u00e9partir la masse uniform\u00e9ment autour de l&rsquo;axe de rotation. Les vibrations au volant sont alors supprim\u00e9s. Une usure irr\u00e9guli\u00e8re des pneus est alors \u00e9vit\u00e9e, ainsi que celle des organes de suspension et de direction. <\/p>\n<\/div><\/div>\n\n\n\n<div style=\"height:100px\" aria-hidden=\"true\" class=\"wp-block-spacer\"><\/div>\n\n\n\n<div class=\"wp-block-media-text alignwide\" style=\"grid-template-columns:36% auto\"><figure class=\"wp-block-media-text__media\"><img loading=\"lazy\" decoding=\"async\" width=\"199\" height=\"148\" src=\"http:\/\/www.garage-hecht.fr\/wp-content\/uploads\/Image-g\u00e9om\u00e9trie.jpg\" alt=\"\" class=\"wp-image-170\"\/><\/figure><div class=\"wp-block-media-text__content\">\n<p class=\"has-medium-font-size\"><strong>G\u00c9OM\u00c9TRIE JUSQU&rsquo;\u00c0 24 POUCES<\/strong><\/p>\n\n\n\n<p>La g\u00e9om\u00e9trie consiste \u00e0 contr\u00f4ler et r\u00e9gler les alignements des 4 roues de votre v\u00e9hicule en fonction de l&rsquo;analyse de l&rsquo;usure des pneus et gr\u00e2ce aux donn\u00e9es du constructeur.<\/p>\n\n\n\n<p><strong>Tarif v\u00e9hicule l\u00e9ger : <\/strong><\/p>\n\n\n\n<ul class=\"wp-block-list\"><li>contr\u00f4le et r\u00e9glage avant : <strong>65,00 \u20ac TTC<\/strong><\/li><li>contr\u00f4le et r\u00e9glage avant et arri\u00e8re : <strong>110,00 \u20ac TTC<\/strong><\/li><\/ul>\n\n\n\n<p><strong>Tarif v\u00e9hicule utilitaire <\/strong>: <\/p>\n\n\n\n<ul class=\"wp-block-list\"><li>contr\u00f4le et r\u00e9glage avant : <strong>75,18 \u20ac TTC<\/strong><\/li><li>contr\u00f4le et r\u00e9glage avant et arri\u00e8re : <strong>133,00 \u20ac TTC<\/strong><\/li><\/ul>\n<\/div><\/div>\n\n\n\n<div style=\"height:100px\" aria-hidden=\"true\" class=\"wp-block-spacer\"><\/div>\n\n\n\n<div class=\"wp-block-media-text alignwide has-media-on-the-right\" style=\"grid-template-columns:auto 18%\"><figure class=\"wp-block-media-text__media\"><img loading=\"lazy\" decoding=\"async\" width=\"91\" height=\"88\" src=\"http:\/\/www.garage-hecht.fr\/wp-content\/uploads\/Image-r\u00e9paration-pneu.jpg\" alt=\"\" class=\"wp-image-311\"\/><\/figure><div class=\"wp-block-media-text__content\">\n<p class=\"has-medium-font-size\"><strong>R\u00c9PARATION ROUE \/ DIAGNOSTIC<\/strong><\/p>\n\n\n\n<p>Le garage Hecht r\u00e9pare vos pneus, dans la mesure du possible, pour vous permettre de reprendre la route sans risque et sans souci.<\/p>\n\n\n\n<p>Apr\u00e8s avoir d\u00e9mont\u00e9 le pneu crev\u00e9, les garagistes examinent l\u2019impact pour savoir s\u2019il est possible de\u00a0r\u00e9parer. Tout d\u00e9pend de l\u2019\u00e9tat du pneu, de la taille et de la position de la\u00a0crevaison.<\/p>\n<\/div><\/div>\n","protected":false},"excerpt":{"rendered":"<p>NOS SERVICES GONFLAGE \u00c0 LA JUSTE PRESSION Une bonne pression des pneumatiques garantie plus de s\u00e9curit\u00e9, mais \u00e9galement moins de consommation de carburant ainsi qu&rsquo;une usure des pneus ralentie. Nous nous chargeons d&rsquo;effectuer cela pour vous gratuitement et sans rendez-vous. &hellip; <a href=\"https:\/\/www.garage-hecht.fr\/?page_id=78\">Continuer la lecture <span class=\"meta-nav\">&rarr;<\/span><\/a><\/p>\n","protected":false},"author":1,"featured_media":0,"parent":0,"menu_order":0,"comment_status":"closed","ping_status":"closed","template":"showcase.php","meta":{"footnotes":""},"class_list":["post-78","page","type-page","status-publish","hentry"],"_links":{"self":[{"href":"https:\/\/www.garage-hecht.fr\/index.php?rest_route=\/wp\/v2\/pages\/78","targetHints":{"allow":["GET"]}}],"collection":[{"href":"https:\/\/www.garage-hecht.fr\/index.php?rest_route=\/wp\/v2\/pages"}],"about":[{"href":"https:\/\/www.garage-hecht.fr\/index.php?rest_route=\/wp\/v2\/types\/page"}],"author":[{"embeddable":true,"href":"https:\/\/www.garage-hecht.fr\/index.php?rest_route=\/wp\/v2\/users\/1"}],"replies":[{"embeddable":true,"href":"https:\/\/www.garage-hecht.fr\/index.php?rest_route=%2Fwp%2Fv2%2Fcomments&post=78"}],"version-history":[{"count":88,"href":"https:\/\/www.garage-hecht.fr\/index.php?rest_route=\/wp\/v2\/pages\/78\/revisions"}],"predecessor-version":[{"id":1381,"href":"https:\/\/www.garage-hecht.fr\/index.php?rest_route=\/wp\/v2\/pages\/78\/revisions\/1381"}],"wp:attachment":[{"href":"https:\/\/www.garage-hecht.fr\/index.php?rest_route=%2Fwp%2Fv2%2Fmedia&parent=78"}],"curies":[{"name":"wp","href":"https:\/\/api.w.org\/{rel}","templated":true}]}}