{"id":83,"date":"2012-09-27T15:02:01","date_gmt":"2012-09-27T14:02:01","guid":{"rendered":"http:\/\/www.garage-hecht.fr\/?page_id=83"},"modified":"2020-01-24T09:46:05","modified_gmt":"2020-01-24T08:46:05","slug":"pare-brise","status":"publish","type":"page","link":"https:\/\/www.garage-hecht.fr\/?page_id=83","title":{"rendered":"Pare brise"},"content":{"rendered":"\n<div class=\"wp-block-cover has-background-dim\" style=\"background-image:url(http:\/\/www.garage-hecht.fr\/wp-content\/uploads\/pare-brise-1.png)\"><div class=\"wp-block-cover__inner-container is-layout-flow wp-block-cover-is-layout-flow\">\n<p style=\"font-size:32px\" class=\"has-text-align-center\"><strong>REMPLACEMENT OU R\u00c9PARATION D&rsquo;IMPACT SUR VOTRE PARE-BRISE<\/strong><\/p>\n<\/div><\/div>\n\n\n\n<div style=\"height:100px\" aria-hidden=\"true\" class=\"wp-block-spacer\"><\/div>\n\n\n<p style=\"text-align: justify;\">Le garage Hecht est \u00e0 votre service pour tous vos besoins de r\u00e9paration ou de remplacement de votre pare-brise. En effet, en fonction de la taille de l\u2019impact et plac\u00e9 hors du champs de vision du conducteur, votre pare-brise peut \u00eatre r\u00e9par\u00e9. Si la r\u00e9paration n&rsquo;est pas envisageable, ou qu\u2019il se trouve dans le champs de vision du conducteur, votre pare-brise sera remplac\u00e9.<\/p>\n<p style=\"text-align: justify;\">Dans les deux cas, les frais peuvent \u00eatre pris en charge par votre assurance en fonction de la garantie ayant \u00e9t\u00e9 souscrite.<\/p>\n\n\n<div style=\"height:100px\" aria-hidden=\"true\" class=\"wp-block-spacer\"><\/div>\n\n\n\n<div class=\"wp-block-image is-style-circle-mask\"><figure class=\"aligncenter size-large\"><img loading=\"lazy\" decoding=\"async\" width=\"150\" height=\"150\" src=\"http:\/\/www.garage-hecht.fr\/wp-content\/uploads\/pare-brise-e1578667392382.png\" alt=\"\" class=\"wp-image-1206\"\/><\/figure><\/div>\n\n\n\n<div style=\"height:100px\" aria-hidden=\"true\" class=\"wp-block-spacer\"><\/div>\n\n\n\n<p class=\"has-text-align-center has-medium-font-size\"> <strong>De plus, le garage Hecht vous OFFRE :<\/strong> <\/p>\n\n\n\n<p class=\"has-text-color has-background has-text-align-center has-medium-font-size has-very-light-gray-color has-very-dark-gray-background-color\"><strong>LA LOCATION D&rsquo;UN V\u00c9HICULE DE PR\u00caT LE TEMPS DE L&rsquo;IMMOBILISATION DE VOTRE V\u00c9HICULE<\/strong><\/p>\n\n\n\n<p class=\"has-text-align-center has-medium-font-size\">ET<\/p>\n\n\n\n<p class=\"has-text-color has-background has-text-align-center has-medium-font-size has-very-light-gray-color has-very-dark-gray-background-color\"><strong>UN CH\u00c8QUE DE 50 \u20ac POUR TOUT REMPLACEMENT DE VOTRE PARE-BRISE<\/strong>*.<\/p>\n\n\n\n<p class=\"has-text-align-center\"> Celui-ci pourra \u00eatre d\u00e9duit sur votre prochaine facture sur pr\u00e9sentation du coupon. <\/p>\n\n\n\n<div class=\"wp-block-image\"><figure class=\"aligncenter size-large\"><img loading=\"lazy\" decoding=\"async\" width=\"1024\" height=\"462\" src=\"http:\/\/www.garage-hecht.fr\/wp-content\/uploads\/CHQ-PB-1024x462.png\" alt=\"\" class=\"wp-image-1227\" srcset=\"https:\/\/www.garage-hecht.fr\/wp-content\/uploads\/CHQ-PB-1024x462.png 1024w, https:\/\/www.garage-hecht.fr\/wp-content\/uploads\/CHQ-PB-300x135.png 300w, https:\/\/www.garage-hecht.fr\/wp-content\/uploads\/CHQ-PB-500x225.png 500w, https:\/\/www.garage-hecht.fr\/wp-content\/uploads\/CHQ-PB.png 1536w\" sizes=\"auto, (max-width: 1024px) 100vw, 1024px\" \/><\/figure><\/div>\n\n\n\n<p>*Voir conditions sur place.<\/p>\n","protected":false},"excerpt":{"rendered":"<p>Le garage Hecht est \u00e0 votre service pour tous vos besoins de r\u00e9paration ou de remplacement de votre pare-brise. En effet, en fonction de la taille de l\u2019impact et plac\u00e9 hors du champs de vision du conducteur, votre pare-brise peut &hellip; <a href=\"https:\/\/www.garage-hecht.fr\/?page_id=83\">Continuer la lecture <span class=\"meta-nav\">&rarr;<\/span><\/a><\/p>\n","protected":false},"author":1,"featured_media":0,"parent":0,"menu_order":0,"comment_status":"closed","ping_status":"closed","template":"showcase.php","meta":{"footnotes":""},"class_list":["post-83","page","type-page","status-publish","hentry"],"_links":{"self":[{"href":"https:\/\/www.garage-hecht.fr\/index.php?rest_route=\/wp\/v2\/pages\/83","targetHints":{"allow":["GET"]}}],"collection":[{"href":"https:\/\/www.garage-hecht.fr\/index.php?rest_route=\/wp\/v2\/pages"}],"about":[{"href":"https:\/\/www.garage-hecht.fr\/index.php?rest_route=\/wp\/v2\/types\/page"}],"author":[{"embeddable":true,"href":"https:\/\/www.garage-hecht.fr\/index.php?rest_route=\/wp\/v2\/users\/1"}],"replies":[{"embeddable":true,"href":"https:\/\/www.garage-hecht.fr\/index.php?rest_route=%2Fwp%2Fv2%2Fcomments&post=83"}],"version-history":[{"count":72,"href":"https:\/\/www.garage-hecht.fr\/index.php?rest_route=\/wp\/v2\/pages\/83\/revisions"}],"predecessor-version":[{"id":1375,"href":"https:\/\/www.garage-hecht.fr\/index.php?rest_route=\/wp\/v2\/pages\/83\/revisions\/1375"}],"wp:attachment":[{"href":"https:\/\/www.garage-hecht.fr\/index.php?rest_route=%2Fwp%2Fv2%2Fmedia&parent=83"}],"curies":[{"name":"wp","href":"https:\/\/api.w.org\/{rel}","templated":true}]}}